{"id":2056,"date":"2025-02-20T05:59:39","date_gmt":"2025-02-20T04:59:39","guid":{"rendered":"https:\/\/supernutritionoficial.com\/?page_id=2056"},"modified":"2025-02-20T06:05:37","modified_gmt":"2025-02-20T05:05:37","slug":"indicaciones","status":"publish","type":"page","link":"https:\/\/supernutritionoficial.com\/en\/indicaciones\/","title":{"rendered":"Indicaciones"},"content":{"rendered":"<div data-elementor-type=\"wp-page\" data-elementor-id=\"2056\" class=\"elementor elementor-2056\" data-elementor-settings=\"[]\">\n\t\t\t\t\t\t\t<div class=\"elementor-section-wrap\">\n\t\t\t\t\t\t\t<section class=\"elementor-section elementor-top-section elementor-element elementor-element-a54e844 elementor-section-boxed elementor-section-height-default elementor-section-height-default elementor-invisible\" data-id=\"a54e844\" data-element_type=\"section\" data-settings=\"{&quot;background_background&quot;:&quot;classic&quot;,&quot;animation&quot;:&quot;fadeInUp&quot;,&quot;_ha_eqh_enable&quot;:false}\">\n\t\t\t\t\t\t\t<div class=\"elementor-background-overlay\"><\/div>\n\t\t\t\t\t\t\t<div class=\"elementor-container elementor-column-gap-default\">\n\t\t\t\t\t<div class=\"elementor-column elementor-col-100 elementor-top-column elementor-element elementor-element-16cfed2\" data-id=\"16cfed2\" data-element_type=\"column\">\n\t\t\t<div class=\"elementor-widget-wrap elementor-element-populated\">\n\t\t\t\t\t\t\t\t<div class=\"elementor-element elementor-element-0ef78c2 elementor-widget elementor-widget-heading\" data-id=\"0ef78c2\" data-element_type=\"widget\" data-widget_type=\"heading.default\">\n\t\t\t\t<div class=\"elementor-widget-container\">\n\t\t\t<h2 class=\"elementor-heading-title elementor-size-small\">Las enfermedades y afecciones que antes se consideraban intratables ahora se pueden revertir y sanar<\/h2>\t\t<\/div>\n\t\t\t\t<\/div>\n\t\t\t\t<div class=\"elementor-element elementor-element-ea6f8fe elementor-widget-divider--view-line_icon elementor-view-default elementor-widget-divider--element-align-center elementor-widget elementor-widget-divider\" data-id=\"ea6f8fe\" data-element_type=\"widget\" data-widget_type=\"divider.default\">\n\t\t\t\t<div class=\"elementor-widget-container\">\n\t\t\t\t\t<div class=\"elementor-divider\">\n\t\t\t<span class=\"elementor-divider-separator\">\n\t\t\t\t\t\t\t<div class=\"elementor-icon elementor-divider__element\">\n\t\t\t\t\t<i aria-hidden=\"true\" class=\"hm hm-heart-beat\"><\/i><\/div>\n\t\t\t\t\t\t<\/span>\n\t\t<\/div>\n\t\t\t\t<\/div>\n\t\t\t\t<\/div>\n\t\t\t\t\t<\/div>\n\t\t<\/div>\n\t\t\t\t\t\t\t<\/div>\n\t\t<\/section>\n\t\t\t\t<section class=\"elementor-section elementor-top-section elementor-element elementor-element-dff3f0e elementor-section-boxed elementor-section-height-default elementor-section-height-default\" data-id=\"dff3f0e\" data-element_type=\"section\" data-settings=\"{&quot;_ha_eqh_enable&quot;:false}\">\n\t\t\t\t\t\t<div class=\"elementor-container elementor-column-gap-default\">\n\t\t\t\t\t<div class=\"elementor-column elementor-col-50 elementor-top-column elementor-element elementor-element-eabc8e4\" data-id=\"eabc8e4\" data-element_type=\"column\">\n\t\t\t<div class=\"elementor-widget-wrap elementor-element-populated\">\n\t\t\t\t\t\t\t\t<div class=\"elementor-element elementor-element-57fbb7d elementor-widget elementor-widget-heading\" data-id=\"57fbb7d\" data-element_type=\"widget\" data-widget_type=\"heading.default\">\n\t\t\t\t<div class=\"elementor-widget-container\">\n\t\t\t<h2 class=\"elementor-heading-title elementor-size-default\">Indicaciones<\/h2>\t\t<\/div>\n\t\t\t\t<\/div>\n\t\t\t\t<div class=\"elementor-element elementor-element-130a864 elementor-widget elementor-widget-eael-adv-accordion\" data-id=\"130a864\" data-element_type=\"widget\" data-widget_type=\"eael-adv-accordion.default\">\n\t\t\t\t<div class=\"elementor-widget-container\">\n\t\t\t        <div class=\"eael-adv-accordion\" id=\"eael-adv-accordion-130a864\" data-accordion-id=\"130a864\" data-accordion-type=\"accordion\" data-toogle-speed=\"300\">\n    <div class=\"eael-accordion-list\">\n                <div id=\"elementor-tab-title-1991\" class=\"elementor-tab-title eael-accordion-header\" tabindex=\"1991\" data-tab=\"1\" role=\"tab\" aria-controls=\"elementor-tab-content-1991\"><i aria-hidden=\"true\" class=\"fa-accordion-icon fas fa-heartbeat\"><\/i><span class=\"eael-accordion-tab-title\">Enfermedades metab\u00f3licas y cardiovasculares<\/span><i aria-hidden=\"true\" class=\"fa-toggle fas fa-angle-right\"><\/i><\/div><div id=\"elementor-tab-content-1991\" class=\"eael-accordion-content clearfix\" data-tab=\"1\" role=\"tabpanel\" aria-labelledby=\"elementor-tab-title-1991\"><p><ul><li>S\u00edndrome metab\u00f3lico<\/li><li>Sobrepeso \/ Obesidad<\/li><li>Hipertensi\u00f3n<\/li><li>Resistencia a la insulina \/ Diabetes tipo II<\/li><li>Hiperlipidemia<\/li><li>H\u00edgado graso \/ NASH<\/li><li>Prevenci\u00f3n cardiovascular<\/li><li>Tabaquismo<\/li><\/ul><\/p><\/div>\n                <\/div><div class=\"eael-accordion-list\">\n                <div id=\"elementor-tab-title-1992\" class=\"elementor-tab-title eael-accordion-header\" tabindex=\"1992\" data-tab=\"2\" role=\"tab\" aria-controls=\"elementor-tab-content-1992\"><i aria-hidden=\"true\" class=\"fa-accordion-icon fas fa-lungs-virus\"><\/i><span class=\"eael-accordion-tab-title\">Enfermedades inflamatorias cr\u00f3nicas y autoinmunes<\/span><i aria-hidden=\"true\" class=\"fa-toggle fas fa-angle-right\"><\/i><\/div><div id=\"elementor-tab-content-1992\" class=\"eael-accordion-content clearfix\" data-tab=\"2\" role=\"tabpanel\" aria-labelledby=\"elementor-tab-title-1992\"><p><ul><li>Artritis \/ artritis reumatoide<\/li><li>Colitis, gastritis<\/li><li>Migra\u00f1a<\/li><li>Asma<\/li><li>Alergias<\/li><li>Sindrome de dolor cr\u00f3nico<\/li><li>Disbiosis intestinal<\/li><li>Fibromialgia<\/li><\/ul><\/p><\/div>\n                <\/div><div class=\"eael-accordion-list\">\n                <div id=\"elementor-tab-title-1993\" class=\"elementor-tab-title eael-accordion-header\" tabindex=\"1993\" data-tab=\"3\" role=\"tab\" aria-controls=\"elementor-tab-content-1993\"><i aria-hidden=\"true\" class=\"fa-accordion-icon fas fa-hiking\"><\/i><span class=\"eael-accordion-tab-title\">Agotamiento f\u00edsico y emocional<\/span><i aria-hidden=\"true\" class=\"fa-toggle fas fa-angle-right\"><\/i><\/div><div id=\"elementor-tab-content-1993\" class=\"eael-accordion-content clearfix\" data-tab=\"3\" role=\"tabpanel\" aria-labelledby=\"elementor-tab-title-1993\"><p><ul><li>Estado de animo depresivo<\/li><li>Fatiga cr\u00f3nica (angustia)<\/li><li>Agotamiento f\u00edsico y emocional<\/li><li>Pre-cansacio extremo<\/li><\/ul><\/p><\/div>\n                <\/div><div class=\"eael-accordion-list\">\n                <div id=\"elementor-tab-title-1994\" class=\"elementor-tab-title eael-accordion-header\" tabindex=\"1994\" data-tab=\"4\" role=\"tab\" aria-controls=\"elementor-tab-content-1994\"><i aria-hidden=\"true\" class=\"fa-accordion-icon fas fa-hand-holding-heart\"><\/i><span class=\"eael-accordion-tab-title\">Prevenci\u00f3n y regeneraci\u00f3n<\/span><i aria-hidden=\"true\" class=\"fa-toggle fas fa-angle-right\"><\/i><\/div><div id=\"elementor-tab-content-1994\" class=\"eael-accordion-content clearfix\" data-tab=\"4\" role=\"tabpanel\" aria-labelledby=\"elementor-tab-title-1994\"><p><ul><li><div id=\"norebro-custom-67b6b2ceaa1fd\" class=\"norebro-accordion-s\u0441 accordion-box  outline\" data-norebro-accordion=\"0\"><div id=\"1679407696948-78581060-988c\" class=\"item active\"><div class=\"content open\"><div class=\"wrap\"><div class=\"wpb_text_column wpb_content_element\"><div class=\"wpb_wrapper\"><p>Algunas indicaciones a\u00fan se est\u00e1n investigando y, dependiendo de la situaci\u00f3n individual, a menudo se tratan con estrategias nutricionales en lugar del ayuno completo.<\/p><\/div><\/div><\/div><\/div><\/div><\/div><div class=\"vc_empty_space\">\u00a0<\/div><div class=\"wpb_text_column wpb_content_element\"><div class=\"wpb_wrapper\"><p class=\"p1\">En nuestra cl\u00ednica no tenemos la estructura adecuada para tratar los procesos de toxicoman\u00eda-drogodependencia, alcoholismo severo ni trastornos alimenticios como anorexia-bulimia.<\/p><\/div><\/div><div class=\"wpb_text_column wpb_content_element\"><div class=\"wpb_wrapper\"><p class=\"p1\">Nuestra cl\u00ednica se encuentra en un terreno escarpado, por lo que el uso de las instalaciones por parte de personas con movilidad reducida o que utilicen silla de ruedas puede verse limitado.<\/p><\/div><\/div><\/li><\/ul><\/p><\/div>\n                <\/div><\/div>\t\t<\/div>\n\t\t\t\t<\/div>\n\t\t\t\t\t<\/div>\n\t\t<\/div>\n\t\t\t\t<div class=\"elementor-column elementor-col-50 elementor-top-column elementor-element elementor-element-24fcfe1\" data-id=\"24fcfe1\" data-element_type=\"column\">\n\t\t\t<div class=\"elementor-widget-wrap elementor-element-populated\">\n\t\t\t\t\t\t\t\t<div class=\"elementor-element elementor-element-08cc40a elementor-widget elementor-widget-image\" data-id=\"08cc40a\" data-element_type=\"widget\" data-widget_type=\"image.default\">\n\t\t\t\t<div class=\"elementor-widget-container\">\n\t\t\t\t\t\t\t\t\t\t\t\t\t\t\t<img width=\"1024\" height=\"608\" src=\"https:\/\/supernutritionoficial.com\/wp-content\/uploads\/2021\/07\/iStock-1220106695-e1627161934912-1024x608.jpg\" class=\"attachment-large size-large\" alt=\"\" loading=\"lazy\" srcset=\"https:\/\/supernutritionoficial.com\/wp-content\/uploads\/2021\/07\/iStock-1220106695-e1627161934912-1024x608.jpg 1024w, https:\/\/supernutritionoficial.com\/wp-content\/uploads\/2021\/07\/iStock-1220106695-e1627161934912-300x178.jpg 300w, https:\/\/supernutritionoficial.com\/wp-content\/uploads\/2021\/07\/iStock-1220106695-e1627161934912-768x456.jpg 768w, https:\/\/supernutritionoficial.com\/wp-content\/uploads\/2021\/07\/iStock-1220106695-e1627161934912-1536x913.jpg 1536w, https:\/\/supernutritionoficial.com\/wp-content\/uploads\/2021\/07\/iStock-1220106695-e1627161934912.jpg 1932w\" sizes=\"(max-width: 1024px) 100vw, 1024px\" \/>\t\t\t\t\t\t\t\t\t\t\t\t\t\t\t<\/div>\n\t\t\t\t<\/div>\n\t\t\t\t\t<\/div>\n\t\t<\/div>\n\t\t\t\t\t\t\t<\/div>\n\t\t<\/section>\n\t\t\t\t<section class=\"elementor-section elementor-top-section elementor-element elementor-element-e384ed6 elementor-section-boxed elementor-section-height-default elementor-section-height-default\" data-id=\"e384ed6\" data-element_type=\"section\" data-settings=\"{&quot;_ha_eqh_enable&quot;:false}\">\n\t\t\t\t\t\t<div class=\"elementor-container elementor-column-gap-default\">\n\t\t\t\t\t<div class=\"elementor-column elementor-col-100 elementor-top-column elementor-element elementor-element-9d49bb2\" data-id=\"9d49bb2\" data-element_type=\"column\">\n\t\t\t<div class=\"elementor-widget-wrap elementor-element-populated\">\n\t\t\t\t\t\t\t\t<div class=\"elementor-element elementor-element-7663661 elementor-widget elementor-widget-spacer\" data-id=\"7663661\" data-element_type=\"widget\" data-widget_type=\"spacer.default\">\n\t\t\t\t<div class=\"elementor-widget-container\">\n\t\t\t\t\t<div class=\"elementor-spacer\">\n\t\t\t<div class=\"elementor-spacer-inner\"><\/div>\n\t\t<\/div>\n\t\t\t\t<\/div>\n\t\t\t\t<\/div>\n\t\t\t\t\t<\/div>\n\t\t<\/div>\n\t\t\t\t\t\t\t<\/div>\n\t\t<\/section>\n\t\t\t\t\t\t<\/div>\n\t\t\t\t\t<\/div>","protected":false},"excerpt":{"rendered":"<p>Las enfermedades y afecciones que antes se consideraban intratables ahora se pueden revertir y sanar Indicaciones Enfermedades metab\u00f3licas y cardiovasculares S\u00edndrome metab\u00f3lico Sobrepeso \/ Obesidad Hipertensi\u00f3n Resistencia a la insulina \/ Diabetes tipo II Hiperlipidemia H\u00edgado graso \/ NASH Prevenci\u00f3n cardiovascular Tabaquismo Enfermedades inflamatorias cr\u00f3nicas y autoinmunes Artritis \/ artritis reumatoide Colitis, gastritis Migra\u00f1a Asma &hellip;<\/p>\n<p class=\"read-more\"> <a class=\"\" href=\"https:\/\/supernutritionoficial.com\/en\/indicaciones\/\"> <span class=\"screen-reader-text\">Indicaciones<\/span> Read More &raquo;<\/a><\/p>","protected":false},"author":1,"featured_media":0,"parent":0,"menu_order":0,"comment_status":"closed","ping_status":"closed","template":"","meta":[],"folder":[],"_links":{"self":[{"href":"https:\/\/supernutritionoficial.com\/en\/wp-json\/wp\/v2\/pages\/2056"}],"collection":[{"href":"https:\/\/supernutritionoficial.com\/en\/wp-json\/wp\/v2\/pages"}],"about":[{"href":"https:\/\/supernutritionoficial.com\/en\/wp-json\/wp\/v2\/types\/page"}],"author":[{"embeddable":true,"href":"https:\/\/supernutritionoficial.com\/en\/wp-json\/wp\/v2\/users\/1"}],"replies":[{"embeddable":true,"href":"https:\/\/supernutritionoficial.com\/en\/wp-json\/wp\/v2\/comments?post=2056"}],"version-history":[{"count":5,"href":"https:\/\/supernutritionoficial.com\/en\/wp-json\/wp\/v2\/pages\/2056\/revisions"}],"predecessor-version":[{"id":2061,"href":"https:\/\/supernutritionoficial.com\/en\/wp-json\/wp\/v2\/pages\/2056\/revisions\/2061"}],"wp:attachment":[{"href":"https:\/\/supernutritionoficial.com\/en\/wp-json\/wp\/v2\/media?parent=2056"}],"wp:term":[{"taxonomy":"folder","embeddable":true,"href":"https:\/\/supernutritionoficial.com\/en\/wp-json\/wp\/v2\/folder?post=2056"}],"curies":[{"name":"wp","href":"https:\/\/api.w.org\/{rel}","templated":true}]}}