{"id":151,"date":"2021-06-24T03:43:19","date_gmt":"2021-06-24T02:43:19","guid":{"rendered":"https:\/\/supernutritionoficial.com\/?page_id=151"},"modified":"2025-02-20T06:18:16","modified_gmt":"2025-02-20T05:18:16","slug":"acerca-de-mi","status":"publish","type":"page","link":"https:\/\/supernutritionoficial.com\/en\/acerca-de-mi\/","title":{"rendered":"Acerca de mi"},"content":{"rendered":"<div data-elementor-type=\"wp-page\" data-elementor-id=\"151\" class=\"elementor elementor-151\" data-elementor-settings=\"[]\">\n\t\t\t\t\t\t\t<div class=\"elementor-section-wrap\">\n\t\t\t\t\t\t\t<section class=\"elementor-section elementor-top-section elementor-element elementor-element-624a2c1 elementor-section-height-min-height elementor-section-stretched elementor-section-boxed elementor-section-height-default elementor-section-items-middle\" data-id=\"624a2c1\" data-element_type=\"section\" data-settings=\"{&quot;stretch_section&quot;:&quot;section-stretched&quot;,&quot;background_background&quot;:&quot;slideshow&quot;,&quot;background_slideshow_gallery&quot;:[{&quot;id&quot;:41,&quot;url&quot;:&quot;https:\\\/\\\/supernutritionoficial.com\\\/wp-content\\\/uploads\\\/2021\\\/06\\\/1213256.jpg&quot;},{&quot;id&quot;:36,&quot;url&quot;:&quot;https:\\\/\\\/supernutritionoficial.com\\\/wp-content\\\/uploads\\\/2021\\\/06\\\/535465462.jpg&quot;},{&quot;id&quot;:646,&quot;url&quot;:&quot;https:\\\/\\\/supernutritionoficial.com\\\/wp-content\\\/uploads\\\/2021\\\/07\\\/strawberry-cherry-berry-2022296-e1626668859449.jpg&quot;}],&quot;background_slideshow_ken_burns&quot;:&quot;yes&quot;,&quot;background_slideshow_loop&quot;:&quot;yes&quot;,&quot;background_slideshow_slide_duration&quot;:5000,&quot;background_slideshow_slide_transition&quot;:&quot;fade&quot;,&quot;background_slideshow_transition_duration&quot;:500,&quot;background_slideshow_ken_burns_zoom_direction&quot;:&quot;in&quot;,&quot;_ha_eqh_enable&quot;:false}\">\n\t\t\t\t\t\t<div class=\"elementor-container elementor-column-gap-no\">\n\t\t\t\t\t<div class=\"elementor-column elementor-col-50 elementor-top-column elementor-element elementor-element-0a030e2\" data-id=\"0a030e2\" data-element_type=\"column\" data-settings=\"{&quot;background_background&quot;:&quot;slideshow&quot;,&quot;background_slideshow_ken_burns&quot;:&quot;yes&quot;,&quot;background_slideshow_gallery&quot;:[],&quot;background_slideshow_loop&quot;:&quot;yes&quot;,&quot;background_slideshow_slide_duration&quot;:5000,&quot;background_slideshow_slide_transition&quot;:&quot;fade&quot;,&quot;background_slideshow_transition_duration&quot;:500,&quot;background_slideshow_ken_burns_zoom_direction&quot;:&quot;in&quot;}\">\n\t\t\t<div class=\"elementor-widget-wrap elementor-element-populated\">\n\t\t\t\t\t\t\t\t<div class=\"elementor-element elementor-element-670215a elementor-widget elementor-widget-heading\" data-id=\"670215a\" data-element_type=\"widget\" data-widget_type=\"heading.default\">\n\t\t\t\t<div class=\"elementor-widget-container\">\n\t\t\t<h2 class=\"elementor-heading-title elementor-size-default\">Acerca de mi<\/h2>\t\t<\/div>\n\t\t\t\t<\/div>\n\t\t\t\t\t<\/div>\n\t\t<\/div>\n\t\t\t\t<div class=\"elementor-column elementor-col-50 elementor-top-column elementor-element elementor-element-6f54ce3\" data-id=\"6f54ce3\" data-element_type=\"column\" data-settings=\"{&quot;background_background&quot;:&quot;slideshow&quot;,&quot;background_slideshow_ken_burns&quot;:&quot;yes&quot;,&quot;background_slideshow_gallery&quot;:[],&quot;background_slideshow_loop&quot;:&quot;yes&quot;,&quot;background_slideshow_slide_duration&quot;:5000,&quot;background_slideshow_slide_transition&quot;:&quot;fade&quot;,&quot;background_slideshow_transition_duration&quot;:500,&quot;background_slideshow_ken_burns_zoom_direction&quot;:&quot;in&quot;}\">\n\t\t\t<div class=\"elementor-widget-wrap\">\n\t\t\t\t\t\t\t\t\t<\/div>\n\t\t<\/div>\n\t\t\t\t\t\t\t<\/div>\n\t\t<\/section>\n\t\t\t\t<section class=\"elementor-section elementor-top-section elementor-element elementor-element-910b7fe elementor-section-height-min-height elementor-section-boxed elementor-section-height-default elementor-section-items-middle\" data-id=\"910b7fe\" data-element_type=\"section\" data-settings=\"{&quot;background_background&quot;:&quot;classic&quot;,&quot;_ha_eqh_enable&quot;:false}\">\n\t\t\t\t\t\t\t<div class=\"elementor-background-overlay\"><\/div>\n\t\t\t\t\t\t\t<div class=\"elementor-container elementor-column-gap-default\">\n\t\t\t\t\t<div class=\"elementor-column elementor-col-100 elementor-top-column elementor-element elementor-element-50ca9cd\" data-id=\"50ca9cd\" data-element_type=\"column\">\n\t\t\t<div class=\"elementor-widget-wrap elementor-element-populated\">\n\t\t\t\t\t\t\t\t<div class=\"elementor-element elementor-element-caa8bb3 elementor-widget elementor-widget-text-editor\" data-id=\"caa8bb3\" data-element_type=\"widget\" data-widget_type=\"text-editor.default\">\n\t\t\t\t<div class=\"elementor-widget-container\">\n\t\t\t\t\t\t\t\t<h2 style=\"text-align: center;\"><strong>Mi historia<\/strong><\/h2><p>Nac\u00ed rodeada de monta\u00f1as, con aire puro y agua que llegaba desde el monte a trav\u00e9s de las acequias (canales) que mi pap\u00e1 construy\u00f3; por all\u00ed s\u00f3lo pas\u00e1bamos nosotros y los animales. La \u00fanica luz nocturna eran las velas y el fuego de le\u00f1a para hacer los \u201cfrisoles, el chicharr\u00f3n, el huevo y calentar la mazamorra\u201d; eso no era muy tarde, a las7 pm ya est\u00e1bamos listos para ir a dormir, o a acabar de hacer las tareas de la escuela \u201ca punta de vela\u201d<\/p><p>Dir\u00eda que a unos 8km de distancia de mi casa quedaba la escuela, yo con 6 a\u00f1os ya recorr\u00eda esa distancia corriendo a todo dar y con la olla llena arroz, la carne, el huevo y las tajadas de pl\u00e1tano maduro, bien agarrada a mi mano para almorzar al mediod\u00eda con mis hermanos. Ellos llevaban el agua-de-panela con leche y las arepas; lleg\u00e1bamos casi con la campanada de entrada, bien justos\u2026<\/p><p>Junto a los otros ni\u00f1os de la escuela, la vuelta a casa era todo una diversi\u00f3n; pod\u00edamos rodar por las monta\u00f1as envueltos en las ruanas que carg\u00e1bamos por si llov\u00eda o sub\u00edamos a cualquier \u00e1rbol en busca de frutas; no se escapaban, las guayabas, ni las cocodrilas (fruta de la pasi\u00f3n).. que delicia! Tampoco se escapaba el poquito de arroz que nos quedaba del almuerzo, ja,ja;\u00a0 todos los ni\u00f1os met\u00edan la mano a la olla y sacaban su pu\u00f1ado de arroz y a comer\ud83d\ude0a<\/p><p>S\u00e9 que mi madre cuid\u00f3 a rajatabla su \u201cdieta\u201d, as\u00ed se llamaba cuando las mam\u00e1s ten\u00edan el beb\u00e9. El cuidado era especial por los siguientes 40 d\u00edas. Ella criaba al menos 40 gallinas para estar bien alimentada y poder dar al bebe buena leche.<\/p><p>Todos los 10 hijos que tuvo mi madre, excepto por el \u00fanico que naci\u00f3 en el hospital del pueblo, recibimos el mismo ritual, nacidos en casa y tomando la mejor alimentaci\u00f3n de mi madre, \u00a1bonito verdad!<\/p><p>Mi pap\u00e1 y mi mam\u00e1 quer\u00edan unos hijos bien \u201calentados\u201d as\u00ed dec\u00edan ellos. adem\u00e1s, bien fuertes para los trabajos que demandaba el campo.<\/p><p>Siempre tuve una relaci\u00f3n bonita con la comida, el deporte y la salud. Sin conocer nada ya dejaba los \u201cbultos\u201d de arroz y las arepas de ma\u00edz, que cultivaba mi pap\u00e1; y como empec\u00e9 a entrenar atletismo, intuitivamente eleg\u00eda lo que m\u00e1s me ayudara a ganar las medallas y los trofeos que hab\u00eda como premio. Puedo estar segura de que fue muy importante esa alimentaci\u00f3n de casa, animales al aire libre y cultivos tradicionales, adem\u00e1s, aquel entorno los que potenciaron mis capacidades atl\u00e9ticas; \u00a1gan\u00e9 casi todas las competencias en aquella \u00e9poca! \u00a1Ya est\u00e1bamos en la ciudad, por cierto!<\/p><p>Whether it's weight loss, fitness and sports, chronic illness, digestive disorders, or any other alteration of the health will do everything that is at our fingertips to achieve your goals efficiently and sustainably in the long term. \u00a0<\/p><p>We update and upskill constantly to guarantee you receive the best and most current advice\nand support possible.<\/p>\t\t\t\t\t\t<\/div>\n\t\t\t\t<\/div>\n\t\t\t\t\t<\/div>\n\t\t<\/div>\n\t\t\t\t\t\t\t<\/div>\n\t\t<\/section>\n\t\t\t\t<section class=\"elementor-section elementor-top-section elementor-element elementor-element-2bda988 elementor-section-boxed elementor-section-height-default elementor-section-height-default\" data-id=\"2bda988\" data-element_type=\"section\" data-settings=\"{&quot;background_background&quot;:&quot;classic&quot;,&quot;_ha_eqh_enable&quot;:false}\">\n\t\t\t\t\t\t<div class=\"elementor-container elementor-column-gap-default\">\n\t\t\t\t\t<div class=\"elementor-column elementor-col-100 elementor-top-column elementor-element elementor-element-3e6bb35a\" data-id=\"3e6bb35a\" data-element_type=\"column\">\n\t\t\t<div class=\"elementor-widget-wrap elementor-element-populated\">\n\t\t\t\t\t\t\t\t<section class=\"elementor-section elementor-inner-section elementor-element elementor-element-b1ba20d elementor-section-boxed elementor-section-height-default elementor-section-height-default\" data-id=\"b1ba20d\" data-element_type=\"section\" data-settings=\"{&quot;_ha_eqh_enable&quot;:false}\">\n\t\t\t\t\t\t<div class=\"elementor-container elementor-column-gap-default\">\n\t\t\t\t\t\t\t\t<\/div>\n\t\t<\/section>\n\t\t\t\t<section class=\"elementor-section elementor-inner-section elementor-element elementor-element-05aacae elementor-section-boxed elementor-section-height-default elementor-section-height-default\" data-id=\"05aacae\" data-element_type=\"section\" data-settings=\"{&quot;_ha_eqh_enable&quot;:false}\">\n\t\t\t\t\t\t<div class=\"elementor-container elementor-column-gap-default\">\n\t\t\t\t\t<div class=\"elementor-column elementor-col-100 elementor-inner-column elementor-element elementor-element-342bc1a\" data-id=\"342bc1a\" data-element_type=\"column\">\n\t\t\t<div class=\"elementor-widget-wrap elementor-element-populated\">\n\t\t\t\t\t\t\t\t<div class=\"elementor-element elementor-element-b7f464f elementor-widget elementor-widget-ha-member happy-addon ha-member\" data-id=\"b7f464f\" data-element_type=\"widget\" data-widget_type=\"ha-member.default\">\n\t\t\t\t<div class=\"elementor-widget-container\">\n\t\t\t\n\t\t\t\t\t<figure class=\"ha-member-figure\">\n\t\t\t\t<img width=\"934\" height=\"935\" src=\"https:\/\/supernutritionoficial.com\/wp-content\/uploads\/2021\/09\/Dollyimg.jpg\" class=\"elementor-animation-disable-animation attachment-large size-large\" alt=\"\" loading=\"lazy\" srcset=\"https:\/\/supernutritionoficial.com\/wp-content\/uploads\/2021\/09\/Dollyimg.jpg 934w, https:\/\/supernutritionoficial.com\/wp-content\/uploads\/2021\/09\/Dollyimg-300x300.jpg 300w, https:\/\/supernutritionoficial.com\/wp-content\/uploads\/2021\/09\/Dollyimg-150x150.jpg 150w, https:\/\/supernutritionoficial.com\/wp-content\/uploads\/2021\/09\/Dollyimg-768x769.jpg 768w\" sizes=\"(max-width: 934px) 100vw, 934px\" \/>\t\t\t<\/figure>\n\t\t\n\t\t<div class=\"ha-member-body\">\n\t\t\t<h2 class=\"ha-member-name\">Hello I Am Dolly Salazar<\/h2>\n\t\t\t\t\t\t\t<div class=\"ha-member-position\">Lic. Nutrici\u00f3n y Diet\u00e9tica y Health Coach <\/div>\n\t\t\t\n\t\t\t\n\t\t\t\n\t\t\t\n\t\t\t\t\t<\/div>\n\t\t\t\t<\/div>\n\t\t\t\t<\/div>\n\t\t\t\t<div class=\"elementor-element elementor-element-d6c05a4 elementor-widget elementor-widget-text-editor\" data-id=\"d6c05a4\" data-element_type=\"widget\" data-widget_type=\"text-editor.default\">\n\t\t\t\t<div class=\"elementor-widget-container\">\n\t\t\t\t\t\t\t\t<p>Nutricionista Dietista de la Universidad de Antioquia (Colombia), certificada en Nutrici\u00f3n Moderna y H\u00e1bitos Saludables. Amplia experiencia como freelance Dietician en el Reino Unido y en Espa\u00f1a. A lo largo de los a\u00f1os sigo construyendo y fortaleciendo mi conocimiento en diversas \u00e1reas de la Nutrici\u00f3n, la Salud y el Entorno, incluyendo:<\/p><ul><li>Healthy weight loss<\/li><li>Restoration of health in chronic diseases<\/li><li>Changing eating behaviour<\/li><li>Special diets - FODMAPs, Low Carbs, Mediterranean and others<\/li><li>Women\u2019s health<\/li><li>Inflammation and food<\/li><\/ul><p><strong>Languages:<\/strong> Spanish, English<\/p>\t\t\t\t\t\t<\/div>\n\t\t\t\t<\/div>\n\t\t\t\t\t<\/div>\n\t\t<\/div>\n\t\t\t\t\t\t\t<\/div>\n\t\t<\/section>\n\t\t\t\t\t<\/div>\n\t\t<\/div>\n\t\t\t\t\t\t\t<\/div>\n\t\t<\/section>\n\t\t\t\t<section class=\"elementor-section elementor-top-section elementor-element elementor-element-7253f81 elementor-section-height-min-height elementor-section-boxed elementor-section-height-default elementor-section-items-middle\" data-id=\"7253f81\" data-element_type=\"section\" data-settings=\"{&quot;background_background&quot;:&quot;classic&quot;,&quot;_ha_eqh_enable&quot;:false}\">\n\t\t\t\t\t\t\t<div class=\"elementor-background-overlay\"><\/div>\n\t\t\t\t\t\t\t<div class=\"elementor-container elementor-column-gap-default\">\n\t\t\t\t\t<div class=\"elementor-column elementor-col-100 elementor-top-column elementor-element elementor-element-4810c67\" data-id=\"4810c67\" data-element_type=\"column\">\n\t\t\t<div class=\"elementor-widget-wrap elementor-element-populated\">\n\t\t\t\t\t\t\t\t<div class=\"elementor-element elementor-element-3c725b0 elementor-widget elementor-widget-heading\" data-id=\"3c725b0\" data-element_type=\"widget\" data-widget_type=\"heading.default\">\n\t\t\t\t<div class=\"elementor-widget-container\">\n\t\t\t<h2 class=\"elementor-heading-title elementor-size-default\">Look at the plans and prices we have designed for you<\/h2>\t\t<\/div>\n\t\t\t\t<\/div>\n\t\t\t\t<div class=\"elementor-element elementor-element-cd8c079 elementor-align-center elementor-widget elementor-widget-button\" data-id=\"cd8c079\" data-element_type=\"widget\" data-widget_type=\"button.default\">\n\t\t\t\t<div class=\"elementor-widget-container\">\n\t\t\t\t\t<div class=\"elementor-button-wrapper\">\n\t\t\t<a href=\"https:\/\/supernutritionoficial.com\/en\/planes-y-precios\/\" class=\"elementor-button-link elementor-button elementor-size-sm\" role=\"button\">\n\t\t\t\t\t\t<span class=\"elementor-button-content-wrapper\">\n\t\t\t\t\t\t<span class=\"elementor-button-text\">Read More<\/span>\n\t\t<\/span>\n\t\t\t\t\t<\/a>\n\t\t<\/div>\n\t\t\t\t<\/div>\n\t\t\t\t<\/div>\n\t\t\t\t\t<\/div>\n\t\t<\/div>\n\t\t\t\t\t\t\t<\/div>\n\t\t<\/section>\n\t\t\t\t<section class=\"elementor-section elementor-top-section elementor-element elementor-element-74da54e elementor-section-boxed elementor-section-height-default elementor-section-height-default\" data-id=\"74da54e\" data-element_type=\"section\" data-settings=\"{&quot;_ha_eqh_enable&quot;:false}\">\n\t\t\t\t\t\t<div class=\"elementor-container elementor-column-gap-default\">\n\t\t\t\t\t<div class=\"elementor-column elementor-col-50 elementor-top-column elementor-element elementor-element-48c3f70\" data-id=\"48c3f70\" data-element_type=\"column\">\n\t\t\t<div class=\"elementor-widget-wrap elementor-element-populated\">\n\t\t\t\t\t\t\t\t<div class=\"elementor-element elementor-element-16b01e2 elementor-view-default elementor-widget elementor-widget-icon\" data-id=\"16b01e2\" data-element_type=\"widget\" data-widget_type=\"icon.default\">\n\t\t\t\t<div class=\"elementor-widget-container\">\n\t\t\t\t\t<div class=\"elementor-icon-wrapper\">\n\t\t\t<div class=\"elementor-icon\">\n\t\t\t<i aria-hidden=\"true\" class=\"hm hm-heart-beat\"><\/i>\t\t\t<\/div>\n\t\t<\/div>\n\t\t\t\t<\/div>\n\t\t\t\t<\/div>\n\t\t\t\t<div class=\"elementor-element elementor-element-5071336 elementor-widget elementor-widget-text-editor\" data-id=\"5071336\" data-element_type=\"widget\" data-widget_type=\"text-editor.default\">\n\t\t\t\t<div class=\"elementor-widget-container\">\n\t\t\t\t\t\t\t\t<p>Misi\u00f3n<\/p>\t\t\t\t\t\t<\/div>\n\t\t\t\t<\/div>\n\t\t\t\t\t<\/div>\n\t\t<\/div>\n\t\t\t\t<div class=\"elementor-column elementor-col-50 elementor-top-column elementor-element elementor-element-31b82c8\" data-id=\"31b82c8\" data-element_type=\"column\">\n\t\t\t<div class=\"elementor-widget-wrap elementor-element-populated\">\n\t\t\t\t\t\t\t\t<div class=\"elementor-element elementor-element-0502261 elementor-widget elementor-widget-text-editor\" data-id=\"0502261\" data-element_type=\"widget\" data-widget_type=\"text-editor.default\">\n\t\t\t\t<div class=\"elementor-widget-container\">\n\t\t\t\t\t\t\t\t<p>Our mission is to provide all the tools and motivation needed for you to reach your health goals through consistent and safe support, while ensuring you can fully enjoy the process.<\/p>\t\t\t\t\t\t<\/div>\n\t\t\t\t<\/div>\n\t\t\t\t<section class=\"elementor-section elementor-inner-section elementor-element elementor-element-e05d620 elementor-section-boxed elementor-section-height-default elementor-section-height-default\" data-id=\"e05d620\" data-element_type=\"section\" data-settings=\"{&quot;_ha_eqh_enable&quot;:false}\">\n\t\t\t\t\t\t<div class=\"elementor-container elementor-column-gap-default\">\n\t\t\t\t\t<div class=\"elementor-column elementor-col-25 elementor-inner-column elementor-element elementor-element-bf08a77\" data-id=\"bf08a77\" data-element_type=\"column\">\n\t\t\t<div class=\"elementor-widget-wrap elementor-element-populated\">\n\t\t\t\t\t\t\t\t<div class=\"elementor-element elementor-element-20a2fdc elementor-widget elementor-widget-image\" data-id=\"20a2fdc\" data-element_type=\"widget\" data-widget_type=\"image.default\">\n\t\t\t\t<div class=\"elementor-widget-container\">\n\t\t\t\t\t\t\t\t\t\t\t\t\t\t\t<img width=\"646\" height=\"220\" src=\"https:\/\/supernutritionoficial.com\/wp-content\/uploads\/2021\/06\/logo123bda.png\" class=\"attachment-large size-large\" alt=\"\" loading=\"lazy\" srcset=\"https:\/\/supernutritionoficial.com\/wp-content\/uploads\/2021\/06\/logo123bda.png 646w, https:\/\/supernutritionoficial.com\/wp-content\/uploads\/2021\/06\/logo123bda-300x102.png 300w\" sizes=\"(max-width: 646px) 100vw, 646px\" \/>\t\t\t\t\t\t\t\t\t\t\t\t\t\t\t<\/div>\n\t\t\t\t<\/div>\n\t\t\t\t\t<\/div>\n\t\t<\/div>\n\t\t\t\t<div class=\"elementor-column elementor-col-25 elementor-inner-column elementor-element elementor-element-ddca728\" data-id=\"ddca728\" data-element_type=\"column\">\n\t\t\t<div class=\"elementor-widget-wrap elementor-element-populated\">\n\t\t\t\t\t\t\t\t<div class=\"elementor-element elementor-element-84f0012 elementor-widget elementor-widget-image\" data-id=\"84f0012\" data-element_type=\"widget\" data-widget_type=\"image.default\">\n\t\t\t\t<div class=\"elementor-widget-container\">\n\t\t\t\t\t\t\t\t\t\t\t\t\t\t\t<img width=\"602\" height=\"617\" src=\"https:\/\/supernutritionoficial.com\/wp-content\/uploads\/2021\/06\/Picture1hcpc.jpg\" class=\"attachment-large size-large\" alt=\"\" loading=\"lazy\" srcset=\"https:\/\/supernutritionoficial.com\/wp-content\/uploads\/2021\/06\/Picture1hcpc.jpg 602w, https:\/\/supernutritionoficial.com\/wp-content\/uploads\/2021\/06\/Picture1hcpc-293x300.jpg 293w\" sizes=\"(max-width: 602px) 100vw, 602px\" \/>\t\t\t\t\t\t\t\t\t\t\t\t\t\t\t<\/div>\n\t\t\t\t<\/div>\n\t\t\t\t\t<\/div>\n\t\t<\/div>\n\t\t\t\t<div class=\"elementor-column elementor-col-25 elementor-inner-column elementor-element elementor-element-f2a3ee8\" data-id=\"f2a3ee8\" data-element_type=\"column\">\n\t\t\t<div class=\"elementor-widget-wrap elementor-element-populated\">\n\t\t\t\t\t\t\t\t<div class=\"elementor-element elementor-element-d8a86fa elementor-widget elementor-widget-image\" data-id=\"d8a86fa\" data-element_type=\"widget\" data-widget_type=\"image.default\">\n\t\t\t\t<div class=\"elementor-widget-container\">\n\t\t\t\t\t\t\t\t\t\t\t\t\t\t\t<img width=\"624\" height=\"256\" src=\"https:\/\/supernutritionoficial.com\/wp-content\/uploads\/2021\/07\/logonutricionespama2021.jpg\" class=\"attachment-large size-large\" alt=\"\" loading=\"lazy\" srcset=\"https:\/\/supernutritionoficial.com\/wp-content\/uploads\/2021\/07\/logonutricionespama2021.jpg 624w, https:\/\/supernutritionoficial.com\/wp-content\/uploads\/2021\/07\/logonutricionespama2021-300x123.jpg 300w\" sizes=\"(max-width: 624px) 100vw, 624px\" \/>\t\t\t\t\t\t\t\t\t\t\t\t\t\t\t<\/div>\n\t\t\t\t<\/div>\n\t\t\t\t\t<\/div>\n\t\t<\/div>\n\t\t\t\t<div class=\"elementor-column elementor-col-25 elementor-inner-column elementor-element elementor-element-5b69438\" data-id=\"5b69438\" data-element_type=\"column\">\n\t\t\t<div class=\"elementor-widget-wrap elementor-element-populated\">\n\t\t\t\t\t\t\t\t<div class=\"elementor-element elementor-element-cc022a3 elementor-widget elementor-widget-image\" data-id=\"cc022a3\" data-element_type=\"widget\" data-widget_type=\"image.default\">\n\t\t\t\t<div class=\"elementor-widget-container\">\n\t\t\t\t\t\t\t\t\t\t\t\t\t\t\t<img width=\"250\" height=\"173\" src=\"https:\/\/supernutritionoficial.com\/wp-content\/uploads\/2021\/07\/trustadietitianlogo2.jpg\" class=\"attachment-large size-large\" alt=\"\" loading=\"lazy\" \/>\t\t\t\t\t\t\t\t\t\t\t\t\t\t\t<\/div>\n\t\t\t\t<\/div>\n\t\t\t\t\t<\/div>\n\t\t<\/div>\n\t\t\t\t\t\t\t<\/div>\n\t\t<\/section>\n\t\t\t\t\t<\/div>\n\t\t<\/div>\n\t\t\t\t\t\t\t<\/div>\n\t\t<\/section>\n\t\t\t\t\t\t<\/div>\n\t\t\t\t\t<\/div>","protected":false},"excerpt":{"rendered":"<p>Acerca de mi Mi historia Nac\u00ed rodeada de monta\u00f1as, con aire puro y agua que llegaba desde el monte a trav\u00e9s de las acequias (canales) que mi pap\u00e1 construy\u00f3; por all\u00ed s\u00f3lo pas\u00e1bamos nosotros y los animales. La \u00fanica luz nocturna eran las velas y el fuego de le\u00f1a para hacer los \u201cfrisoles, el chicharr\u00f3n, &hellip;<\/p>\n<p class=\"read-more\"> <a class=\"\" href=\"https:\/\/supernutritionoficial.com\/en\/acerca-de-mi\/\"> <span class=\"screen-reader-text\">Acerca de mi<\/span> Read More &raquo;<\/a><\/p>","protected":false},"author":1,"featured_media":0,"parent":0,"menu_order":0,"comment_status":"closed","ping_status":"closed","template":"","meta":[],"folder":[],"_links":{"self":[{"href":"https:\/\/supernutritionoficial.com\/en\/wp-json\/wp\/v2\/pages\/151"}],"collection":[{"href":"https:\/\/supernutritionoficial.com\/en\/wp-json\/wp\/v2\/pages"}],"about":[{"href":"https:\/\/supernutritionoficial.com\/en\/wp-json\/wp\/v2\/types\/page"}],"author":[{"embeddable":true,"href":"https:\/\/supernutritionoficial.com\/en\/wp-json\/wp\/v2\/users\/1"}],"replies":[{"embeddable":true,"href":"https:\/\/supernutritionoficial.com\/en\/wp-json\/wp\/v2\/comments?post=151"}],"version-history":[{"count":168,"href":"https:\/\/supernutritionoficial.com\/en\/wp-json\/wp\/v2\/pages\/151\/revisions"}],"predecessor-version":[{"id":2083,"href":"https:\/\/supernutritionoficial.com\/en\/wp-json\/wp\/v2\/pages\/151\/revisions\/2083"}],"wp:attachment":[{"href":"https:\/\/supernutritionoficial.com\/en\/wp-json\/wp\/v2\/media?parent=151"}],"wp:term":[{"taxonomy":"folder","embeddable":true,"href":"https:\/\/supernutritionoficial.com\/en\/wp-json\/wp\/v2\/folder?post=151"}],"curies":[{"name":"wp","href":"https:\/\/api.w.org\/{rel}","templated":true}]}}